{"id":208,"date":"2021-03-30T13:40:31","date_gmt":"2021-03-30T13:40:31","guid":{"rendered":"https:\/\/satiaero.com\/?page_id=208"},"modified":"2021-08-20T09:00:43","modified_gmt":"2021-08-20T09:00:43","slug":"politica-de-cookies","status":"publish","type":"page","link":"https:\/\/satiaero.com\/index.php\/politica-de-cookies\/","title":{"rendered":"Pol\u00edtica de Cookies"},"content":{"rendered":"\n<br>\n<h1 class=\"has-text-align-center has-neve-link-color-color has-text-color has-large-font-size wp-block-heading\">Pol\u00edtica de Cookies<\/h1>\n\n\n\n<div class=\"wp-block-columns alignwide is-layout-flex wp-container-core-columns-is-layout-9d6595d7 wp-block-columns-is-layout-flex\">\n<div class=\"wp-block-column container is-layout-flow wp-block-column-is-layout-flow\">\n<br>\n<h3 class=\"has-neve-link-color-color has-text-color wp-block-heading\">\u00bfQU\u00c9 ES UNA COOKIE?<\/h3>\n\n\n\n<p>Las cookies son archivos que contienen peque\u00f1as cantidades de informaci\u00f3n que se descargan en el dispositivo del usuario cuando visita una web. Las cookies son esenciales para el funcionamiento de internet, aportando innumerables ventajas en la prestaci\u00f3n de servicios interactivos, facilitando la navegaci\u00f3n y usabilidad de una p\u00e1gina web. Las cookies no pueden da\u00f1ar el equipo, en cambio al estar activas ayudan a identificar y resolver posibles errores de funcionamiento.<\/p>\n\n\n\n<h3 class=\"has-neve-link-color-color has-text-color wp-block-heading\">\u00bfSON NECESARIAS PARA PODER NAVEGAR?<\/h3>\n\n\n\n<p>\u00danicamente son imprescindibles y necesarias aquellas que sirvan para una navegaci\u00f3n personalizada y segura, es decir las indicadas como \u201ccookies necesarias\u201d. El resto, son opcionales y podr\u00e1n ser configuradas por el usuario de manera personalizada.<\/p>\n\n\n\n<h3 class=\"has-neve-link-color-color has-text-color wp-block-heading\">PERSONALIZACI\u00d3N DE COOKIES POR EL USUARIO<\/h3>\n\n\n\n<p>El usuario puede gestionar sus preferencias de Cookies, al inicio de la navegaci\u00f3n, a trav\u00e9s de la opci\u00f3n habilitada en la ventana emergente o, bien durante la misma, a trav\u00e9s del siguiente enlace\n<span id=\"cookie-law-info-again\" style=\"background-color: unset;color: unset;position: relative;font-family: unset;width: unset;right: unset;bottom: unset\">Configurar Cookies<\/span><\/p>\n\n\n\n<h3 class=\"has-neve-link-color-color has-text-color wp-block-heading\">COOKIES Y OTRAS TECNOLOG\u00cdAS UTILIZADAS<\/h3>\n\n\n\n<p>A continuaci\u00f3n, se detallan las cookies utilizadas en la p\u00e1gina <strong><a href=\"https:\/\/satiaero.com\/\">https:\/\/satiaero.com\/<\/a><\/strong> junto con las caracter\u00edsticas de cada una de ellas:<\/p>\n\n<!--Cabecera-->\n<table dir=\"ltr\" border=\"1\" cellspacing=\"0\" cellpadding=\"0\">\n<tbody>\n<tr>\n<th class=\"center-text\" style=\"width: 12%;\">Dominio<\/th>\n<th class=\"center-text\">Nombre<\/th>\n<th class=\"center-text\" style=\"width: 12%;\">Duraci\u00f3n<\/th>\n<th class=\"center-text\" style=\"width: 28%;\">Descripci\u00f3n<\/th>\n<th class=\"center-text\" style=\"width: 10%;\">Tipo<\/th>\n<th>Propia \/ Terceros<\/th>\n<th class=\"center-text\" style=\"width: 10%;\">Necesaria<\/th>\n<\/tr>\n<tr>\n<td rowspan=\"7\">satiaero.com<\/td>\n<\/tr\n<tr>\n<td>viewed_cookie_policy<\/td>\n<td class=\"center-text\">1 a\u00f1o<\/td>\n<td>Utilizada por la configuraci\u00f3n de cookies. Indica si se debe hacer o no la pregunta de aceptaci\u00f3n de cookies<\/td>\n<td class=\"center-text\">T\u00e9cnica<\/td>\n<td class=\"center-text\">Terceros<\/td>\n<td class=\"center-text\">S\u00ed<\/td>\n<\/tr>\n<td>CookieLawInfoConsent<\/td>\n<td class=\"center-text\">1 a\u00f1o<\/td>\n<td>Almacena el estado de consentimiento de cookies del usuario. No guarda ning\u00fan dato personal.<\/td>\n<td class=\"center-text\">T\u00e9cnica<\/td>\n<td class=\"center-text\">Terceros<\/td>\n<td class=\"center-text\">Si<\/td>\n<\/tr>\n<tr>\n<td>cookielawinfo-checkbox-necessary<\/td>\n<td class=\"center-text\">1 a\u00f1o<\/td>\n<td>Utilizada por la configuraci\u00f3n de cookies. Indica si se aceptan o no las Cookies necesarias.<\/td>\n<td class=\"center-text\">T\u00e9cnica<\/td>\n<td class=\"center-text\">Terceros<\/td>\n<td class=\"center-text\">S\u00ed<\/td>\n<\/tr>\n<tr>\n<td>pll_language<\/td>\n<td class=\"center-text\">1 a\u00f1o<\/td>\n<td>Almacena el idioma en el que se mostrar\u00e1 el sitio web al usuario.<\/td>\n<td class=\"center-text\">T\u00e9cnica<\/td>\n<td class=\"center-text\">Terceros<\/td>\n<td class=\"center-text\">S\u00ed<\/td>\n<\/tr>\n<\/tbody>\n<\/table><\/p>\n\n\n\n<h3 class=\"has-neve-link-color-color has-text-color wp-block-heading\">\u00bfSE REALIZAN TRANSFERENCIAS DE DATOS?<\/h3>\n\n\n\n<p>Puede informarse de las transferencias a terceros pa\u00edses que, en su caso, pudieran llevarse a cabo, haciendo click en los enlaces habilitados en el apartado \u201cCondiciones de Privacidad\u201d de la tabla anterior.<\/p>\n\n\n\n<h3 class=\"has-neve-link-color-color has-text-color wp-block-heading\">\u00bfESTA POL\u00cdTICA EST\u00c1 SUJETA A MODIFICACIONES?<\/h3>\n\n\n\n<p>Esta pol\u00edtica puede verse modificada en funci\u00f3n de nuevas exigencias o requerimientos legales. En el caso de que las modificaciones introducidas sean significativas, se informar\u00e1 al usuario mediante un aviso en la web.<\/p>\n\n\n\n<h3 class=\"has-neve-link-color-color has-text-color wp-block-heading\">CONFIGURACI\u00d3N SEG\u00daN EL NAVEGADOR<\/h3>\n\n\n\n<p>El usuario puede permitir, bloquear o eliminar las cookies y otras tecnolog\u00edas instaladas en su equipo mediante la configuraci\u00f3n de las opciones del navegador instalado en su dispositivo. A continuaci\u00f3n, puede acceder a la configuraci\u00f3n de los principales navegadores web:<\/p>\n\n\n\n<div class=\"wp-block-group\"><div class=\"wp-block-group__inner-container is-layout-flow wp-block-group-is-layout-flow\">\n<ul class=\"wp-block-list\"><li><a href=\"https:\/\/support.microsoft.com\/es-es\/help\/17442\/windows-internet-explorer-delete-manage-cookies\">Microsoft Edge<\/a><\/li><li><a href=\"https:\/\/support.microsoft.com\/es-es\/help\/17442\/windows-internet-explorer-delete-manage-cookies\">Internet Explorer<\/a><\/li><li><a href=\"https:\/\/support.mozilla.org\/es\/kb\/Borrar%20cookies\">Mozilla Firefox<\/a><\/li><li><a href=\"https:\/\/support.google.com\/chrome\/answer\/95647?co=GENIE.Platform%3DDesktop&amp;hl=es\">Google Chrome <\/a><\/li><li><a href=\"https:\/\/help.opera.com\/en\/faq\/\">Opera<\/a><\/li><li><a href=\"https:\/\/www.aboutcookies.org\/\">Otros navegadores no indicados<\/a><\/li><\/ul>\n<\/div><\/div>\n<\/div>\n<\/div>\n","protected":false},"excerpt":{"rendered":"<p>Pol\u00edtica de Cookies \u00bfQU\u00c9 ES UNA COOKIE? Las cookies son archivos que contienen peque\u00f1as cantidades de informaci\u00f3n que se descargan en el dispositivo del usuario cuando visita una web. Las cookies son esenciales para el funcionamiento de internet, aportando innumerables ventajas en la prestaci\u00f3n de servicios interactivos, facilitando la navegaci\u00f3n y usabilidad de una p\u00e1gina&hellip;&nbsp;<a href=\"https:\/\/satiaero.com\/index.php\/politica-de-cookies\/\" class=\"\" rel=\"bookmark\">Leer m\u00e1s &raquo;<span class=\"screen-reader-text\">Pol\u00edtica de Cookies<\/span><\/a><\/p>\n","protected":false},"author":2,"featured_media":0,"parent":0,"menu_order":0,"comment_status":"closed","ping_status":"closed","template":"","meta":{"neve_meta_sidebar":"default","neve_meta_container":"","neve_meta_enable_content_width":"on","neve_meta_content_width":100,"neve_meta_title_alignment":"center","neve_meta_author_avatar":"","neve_post_elements_order":"","neve_meta_disable_header":"","neve_meta_disable_footer":"","neve_meta_disable_title":"on","footnotes":""},"class_list":["post-208","page","type-page","status-publish","hentry"],"yoast_head":"<!-- This site is optimized with the Yoast SEO plugin v26.4 - https:\/\/yoast.com\/wordpress\/plugins\/seo\/ -->\n<title>Pol\u00edtica de Cookies &#8211; Servicios Aerot\u00e9cnicos Insulares<\/title>\n<meta name=\"description\" content=\"Servicios Aerot\u00e9cnicos Insulares es un Centro de Mantenimiento EASA con Certificado de Aprobaci\u00f3n n\u00ba ES-145.216, habilitado oficialmente para realizar operaciones en componentes de alimentaci\u00f3n el\u00e9ctrica, equipamiento y tren de aterrizaje.\" \/>\n<meta name=\"robots\" content=\"noindex, nofollow\" \/>\n<meta property=\"og:locale\" content=\"es_ES\" \/>\n<meta property=\"og:type\" content=\"article\" \/>\n<meta property=\"og:title\" content=\"Pol\u00edtica de Cookies &#8211; Servicios Aerot\u00e9cnicos Insulares\" \/>\n<meta property=\"og:description\" content=\"Servicios Aerot\u00e9cnicos Insulares es un Centro de Mantenimiento EASA con Certificado de Aprobaci\u00f3n n\u00ba ES-145.216, habilitado oficialmente para realizar operaciones en componentes de alimentaci\u00f3n el\u00e9ctrica, equipamiento y tren de aterrizaje.\" \/>\n<meta property=\"og:url\" content=\"https:\/\/satiaero.com\/index.php\/politica-de-cookies\/\" \/>\n<meta property=\"og:site_name\" content=\"Servicios Aerot\u00e9cnicos Insulares\" \/>\n<meta property=\"article:modified_time\" content=\"2021-08-20T09:00:43+00:00\" \/>\n<meta name=\"twitter:card\" content=\"summary_large_image\" \/>\n<meta name=\"twitter:label1\" content=\"Tiempo de lectura\" \/>\n\t<meta name=\"twitter:data1\" content=\"2 minutos\" \/>\n<script type=\"application\/ld+json\" class=\"yoast-schema-graph\">{\"@context\":\"https:\/\/schema.org\",\"@graph\":[{\"@type\":\"WebPage\",\"@id\":\"https:\/\/satiaero.com\/index.php\/politica-de-cookies\/\",\"url\":\"https:\/\/satiaero.com\/index.php\/politica-de-cookies\/\",\"name\":\"Pol\u00edtica de Cookies &#8211; Servicios Aerot\u00e9cnicos Insulares\",\"isPartOf\":{\"@id\":\"https:\/\/satiaero.com\/#website\"},\"datePublished\":\"2021-03-30T13:40:31+00:00\",\"dateModified\":\"2021-08-20T09:00:43+00:00\",\"description\":\"Servicios Aerot\u00e9cnicos Insulares es un Centro de Mantenimiento EASA con Certificado de Aprobaci\u00f3n n\u00ba ES-145.216, habilitado oficialmente para realizar operaciones en componentes de alimentaci\u00f3n el\u00e9ctrica, equipamiento y tren de aterrizaje.\",\"breadcrumb\":{\"@id\":\"https:\/\/satiaero.com\/index.php\/politica-de-cookies\/#breadcrumb\"},\"inLanguage\":\"es\",\"potentialAction\":[{\"@type\":\"ReadAction\",\"target\":[\"https:\/\/satiaero.com\/index.php\/politica-de-cookies\/\"]}]},{\"@type\":\"BreadcrumbList\",\"@id\":\"https:\/\/satiaero.com\/index.php\/politica-de-cookies\/#breadcrumb\",\"itemListElement\":[{\"@type\":\"ListItem\",\"position\":1,\"name\":\"Portada\",\"item\":\"https:\/\/satiaero.com\/\"},{\"@type\":\"ListItem\",\"position\":2,\"name\":\"Pol\u00edtica de Cookies\"}]},{\"@type\":\"WebSite\",\"@id\":\"https:\/\/satiaero.com\/#website\",\"url\":\"https:\/\/satiaero.com\/\",\"name\":\"Servicios Aerot\u00e9cnicos Insulares\",\"description\":\"\",\"publisher\":{\"@id\":\"https:\/\/satiaero.com\/#organization\"},\"potentialAction\":[{\"@type\":\"SearchAction\",\"target\":{\"@type\":\"EntryPoint\",\"urlTemplate\":\"https:\/\/satiaero.com\/?s={search_term_string}\"},\"query-input\":{\"@type\":\"PropertyValueSpecification\",\"valueRequired\":true,\"valueName\":\"search_term_string\"}}],\"inLanguage\":\"es\"},{\"@type\":\"Organization\",\"@id\":\"https:\/\/satiaero.com\/#organization\",\"name\":\"Servicios Aerot\u00e9cnicos Insulares\",\"url\":\"https:\/\/satiaero.com\/\",\"logo\":{\"@type\":\"ImageObject\",\"inLanguage\":\"es\",\"@id\":\"https:\/\/satiaero.com\/#\/schema\/logo\/image\/\",\"url\":\"https:\/\/satiaero.com\/wp-content\/uploads\/2021\/03\/Logo.jpg\",\"contentUrl\":\"https:\/\/satiaero.com\/wp-content\/uploads\/2021\/03\/Logo.jpg\",\"width\":613,\"height\":212,\"caption\":\"Servicios Aerot\u00e9cnicos Insulares\"},\"image\":{\"@id\":\"https:\/\/satiaero.com\/#\/schema\/logo\/image\/\"}}]}<\/script>\n<!-- \/ Yoast SEO plugin. -->","yoast_head_json":{"title":"Pol\u00edtica de Cookies &#8211; Servicios Aerot\u00e9cnicos Insulares","description":"Servicios Aerot\u00e9cnicos Insulares es un Centro de Mantenimiento EASA con Certificado de Aprobaci\u00f3n n\u00ba ES-145.216, habilitado oficialmente para realizar operaciones en componentes de alimentaci\u00f3n el\u00e9ctrica, equipamiento y tren de aterrizaje.","robots":{"index":"noindex","follow":"nofollow"},"og_locale":"es_ES","og_type":"article","og_title":"Pol\u00edtica de Cookies &#8211; Servicios Aerot\u00e9cnicos Insulares","og_description":"Servicios Aerot\u00e9cnicos Insulares es un Centro de Mantenimiento EASA con Certificado de Aprobaci\u00f3n n\u00ba ES-145.216, habilitado oficialmente para realizar operaciones en componentes de alimentaci\u00f3n el\u00e9ctrica, equipamiento y tren de aterrizaje.","og_url":"https:\/\/satiaero.com\/index.php\/politica-de-cookies\/","og_site_name":"Servicios Aerot\u00e9cnicos Insulares","article_modified_time":"2021-08-20T09:00:43+00:00","twitter_card":"summary_large_image","twitter_misc":{"Tiempo de lectura":"2 minutos"},"schema":{"@context":"https:\/\/schema.org","@graph":[{"@type":"WebPage","@id":"https:\/\/satiaero.com\/index.php\/politica-de-cookies\/","url":"https:\/\/satiaero.com\/index.php\/politica-de-cookies\/","name":"Pol\u00edtica de Cookies &#8211; Servicios Aerot\u00e9cnicos Insulares","isPartOf":{"@id":"https:\/\/satiaero.com\/#website"},"datePublished":"2021-03-30T13:40:31+00:00","dateModified":"2021-08-20T09:00:43+00:00","description":"Servicios Aerot\u00e9cnicos Insulares es un Centro de Mantenimiento EASA con Certificado de Aprobaci\u00f3n n\u00ba ES-145.216, habilitado oficialmente para realizar operaciones en componentes de alimentaci\u00f3n el\u00e9ctrica, equipamiento y tren de aterrizaje.","breadcrumb":{"@id":"https:\/\/satiaero.com\/index.php\/politica-de-cookies\/#breadcrumb"},"inLanguage":"es","potentialAction":[{"@type":"ReadAction","target":["https:\/\/satiaero.com\/index.php\/politica-de-cookies\/"]}]},{"@type":"BreadcrumbList","@id":"https:\/\/satiaero.com\/index.php\/politica-de-cookies\/#breadcrumb","itemListElement":[{"@type":"ListItem","position":1,"name":"Portada","item":"https:\/\/satiaero.com\/"},{"@type":"ListItem","position":2,"name":"Pol\u00edtica de Cookies"}]},{"@type":"WebSite","@id":"https:\/\/satiaero.com\/#website","url":"https:\/\/satiaero.com\/","name":"Servicios Aerot\u00e9cnicos Insulares","description":"","publisher":{"@id":"https:\/\/satiaero.com\/#organization"},"potentialAction":[{"@type":"SearchAction","target":{"@type":"EntryPoint","urlTemplate":"https:\/\/satiaero.com\/?s={search_term_string}"},"query-input":{"@type":"PropertyValueSpecification","valueRequired":true,"valueName":"search_term_string"}}],"inLanguage":"es"},{"@type":"Organization","@id":"https:\/\/satiaero.com\/#organization","name":"Servicios Aerot\u00e9cnicos Insulares","url":"https:\/\/satiaero.com\/","logo":{"@type":"ImageObject","inLanguage":"es","@id":"https:\/\/satiaero.com\/#\/schema\/logo\/image\/","url":"https:\/\/satiaero.com\/wp-content\/uploads\/2021\/03\/Logo.jpg","contentUrl":"https:\/\/satiaero.com\/wp-content\/uploads\/2021\/03\/Logo.jpg","width":613,"height":212,"caption":"Servicios Aerot\u00e9cnicos Insulares"},"image":{"@id":"https:\/\/satiaero.com\/#\/schema\/logo\/image\/"}}]}},"_links":{"self":[{"href":"https:\/\/satiaero.com\/index.php\/wp-json\/wp\/v2\/pages\/208","targetHints":{"allow":["GET"]}}],"collection":[{"href":"https:\/\/satiaero.com\/index.php\/wp-json\/wp\/v2\/pages"}],"about":[{"href":"https:\/\/satiaero.com\/index.php\/wp-json\/wp\/v2\/types\/page"}],"author":[{"embeddable":true,"href":"https:\/\/satiaero.com\/index.php\/wp-json\/wp\/v2\/users\/2"}],"replies":[{"embeddable":true,"href":"https:\/\/satiaero.com\/index.php\/wp-json\/wp\/v2\/comments?post=208"}],"version-history":[{"count":79,"href":"https:\/\/satiaero.com\/index.php\/wp-json\/wp\/v2\/pages\/208\/revisions"}],"predecessor-version":[{"id":394,"href":"https:\/\/satiaero.com\/index.php\/wp-json\/wp\/v2\/pages\/208\/revisions\/394"}],"wp:attachment":[{"href":"https:\/\/satiaero.com\/index.php\/wp-json\/wp\/v2\/media?parent=208"}],"curies":[{"name":"wp","href":"https:\/\/api.w.org\/{rel}","templated":true}]}}