{"id":441,"date":"2023-11-29T00:18:58","date_gmt":"2023-11-29T00:18:58","guid":{"rendered":"https:\/\/satiaero.com\/?page_id=441"},"modified":"2025-08-08T06:32:56","modified_gmt":"2025-08-08T06:32:56","slug":"nueva-denuncia","status":"publish","type":"page","link":"https:\/\/satiaero.com\/index.php\/nueva-denuncia\/","title":{"rendered":"Nueva denuncia"},"content":{"rendered":"\n<h2 class=\"wp-block-heading alignfull has-text-align-center underline has-neve-link-color-color has-text-color\">Nueva denuncia<\/h2>\n\n\n\n<div class=\"wp-block-group container\"><div class=\"wp-block-group__inner-container is-layout-constrained wp-block-group-is-layout-constrained\"><div style='position:relative;' id='submit_tickets-submit' class='emd-form emd-container'><form id='submit_tickets' action='\/index.php\/wp-json\/wp\/v2\/pages\/441' method='post' class='emd-form-container emd-form-horizontal'><input type='hidden' value='submit_tickets' name='form_name' id='form_name_0'><input type='hidden' value='444' name='emd_form_id' id='emd_form_id_0'><input type='hidden' value='wp_ticket_com' name='emd_app' id='emd_app_0'><input type='hidden' value='emd_ticket' name='emd_ent' id='emd_ent_0'><input type='hidden' value='0' name='emd_step' id='emd_step_0'><input type=\"hidden\" id=\"submit_tickets_0_nonce\" name=\"submit_tickets_0_nonce\" value=\"d92a49b85a\" \/><input type=\"hidden\" name=\"_wp_http_referer\" value=\"\/index.php\/wp-json\/wp\/v2\/pages\/441\" \/><input type='hidden' value='submit_tickets' name='wpas_form_name'><input type='hidden' value='Visitor' name='wpas_form_submitted_by'><input type='hidden' value='10.66.225.8' name='wpas_form_submitted_ip'><div class=\"emd-form-row emd-row emd-ahp-row\"><div class=\"emd-form-field emd-col emd-md-12 emd-sm-12 emd-xs-12\" data-field=\"twitter\"><div class=\"emd-form-group\"><label class=\"emd-control-label twitter\" for=\"twitter\"><span id=\"label_twitter\">Twitter<\/span><span class=\"emd-fieldicons-wrap\">\n\t\t<a data-html=\"true\" href=\"#\" tabindex=-1 data-toggle=\"tooltip\" style=\"display:none;\" id=\"info_twitter\" class=\"helptip\">\n\t\t<span class=\"field-icons info\"><\/span><\/a><a href=\"#\" data-html=\"true\" tabindex=-1 data-toggle=\"tooltip\" title=\"Twitter field is required\" id=\"req_twitter\" class=\"helptip\" style=\"display:none;\">\n\t\t<span class=\"field-icons required\"><\/span>\n\t\t<span class=\"field-icons-required-text\">Obligatorio<\/span>\n\t\t<\/a>\n\t\t<\/span>\n\t\t<\/label><input type=\"text\" name=\"submit_tickets0_twitter\" id=\"submit_tickets0_twitter\" class=\"text emd-ahp emd-input-md emd-form-control\" autocomplete=\"off\"\/><\/div><\/div><\/div><input type='hidden' name='emd_ticket_id' value='emd_uid'><div class=\"emd-form-row emd-row\"><div class=\"emd-form-field emd-col emd-md-12 emd-sm-12 emd-xs-12\" data-field=\"emd_ticket_first_name\"><div class=\"emd-form-group\"><label class=\"emd-control-label emd_ticket_first_name\" for=\"emd_ticket_first_name\"><span id=\"label_emd_ticket_first_name\">Nombre<\/span><span class=\"emd-fieldicons-wrap\">\n\t\t<a data-html=\"true\" href=\"#\" tabindex=-1 data-toggle=\"tooltip\" style=\"display:none;\" id=\"info_emd_ticket_first_name\" class=\"helptip\">\n\t\t<span class=\"field-icons info\"><\/span><\/a><a href=\"#\" data-html=\"true\" tabindex=-1 data-toggle=\"tooltip\" title=\"Nombre field is required\" id=\"req_emd_ticket_first_name\" class=\"helptip\" style=\"display:none;\">\n\t\t<span class=\"field-icons required\"><\/span>\n\t\t<span class=\"field-icons-required-text\">Obligatorio<\/span>\n\t\t<\/a>\n\t\t<\/span>\n\t\t<\/label><input type=\"text\" name=\"emd_ticket_first_name\" id=\"emd_ticket_first_name\" class=\"text emd-input-md emd-form-control\" placeholder=\"Nombre\"\/><\/div><\/div><\/div><div class=\"emd-form-row emd-row\"><div class=\"emd-form-field emd-col emd-md-12 emd-sm-12 emd-xs-12\" data-field=\"emd_ticket_last_name\"><div class=\"emd-form-group\"><label class=\"emd-control-label emd_ticket_last_name\" for=\"emd_ticket_last_name\"><span id=\"label_emd_ticket_last_name\">Apellidos<\/span><span class=\"emd-fieldicons-wrap\">\n\t\t<a data-html=\"true\" href=\"#\" tabindex=-1 data-toggle=\"tooltip\" style=\"display:none;\" id=\"info_emd_ticket_last_name\" class=\"helptip\">\n\t\t<span class=\"field-icons info\"><\/span><\/a><a href=\"#\" data-html=\"true\" tabindex=-1 data-toggle=\"tooltip\" title=\"Apellidos field is required\" id=\"req_emd_ticket_last_name\" class=\"helptip\" style=\"display:none;\">\n\t\t<span class=\"field-icons required\"><\/span>\n\t\t<span class=\"field-icons-required-text\">Obligatorio<\/span>\n\t\t<\/a>\n\t\t<\/span>\n\t\t<\/label><input type=\"text\" name=\"emd_ticket_last_name\" id=\"emd_ticket_last_name\" class=\"text emd-input-md emd-form-control\" placeholder=\"Apellidos\"\/><\/div><\/div><\/div><div class=\"emd-form-row emd-row\"><div class=\"emd-form-field emd-col emd-md-12 emd-sm-12 emd-xs-12\" data-field=\"emd_ticket_email\"><div class=\"emd-form-group\"><label class=\"emd-control-label emd_ticket_email\" for=\"emd_ticket_email\"><span id=\"label_emd_ticket_email\">Email<\/span><span class=\"emd-fieldicons-wrap\">\n\t\t<a data-html=\"true\" href=\"#\" tabindex=-1 data-toggle=\"tooltip\" title=\"Este campo es opcional. Ind\u00edquelo solo si quiere que contactemos con usted.\" id=\"info_emd_ticket_email\" class=\"helptip\">\n\t\t<span class=\"field-icons info\"><\/span><\/a><a href=\"#\" data-html=\"true\" tabindex=-1 data-toggle=\"tooltip\" title=\"Email field is required\" id=\"req_emd_ticket_email\" class=\"helptip\" style=\"display:none;\">\n\t\t<span class=\"field-icons required\"><\/span>\n\t\t<span class=\"field-icons-required-text\">Obligatorio<\/span>\n\t\t<\/a>\n\t\t<\/span>\n\t\t<\/label><input type=\"text\" name=\"emd_ticket_email\" id=\"emd_ticket_email\" class=\"text email emd-input-md emd-form-control\" placeholder=\"Email\"\/><\/div><\/div><\/div><div class=\"emd-form-row emd-row\"><div class=\"emd-form-field emd-col emd-md-12 emd-sm-12 emd-xs-12\" data-field=\"blt_content\"><div class=\"emd-form-group\"><label class=\"emd-control-label blt_content\" for=\"blt_content\"><span id=\"label_blt_content\">Mensaje<\/span><span class=\"emd-fieldicons-wrap\">\n\t\t<a data-html=\"true\" href=\"#\" tabindex=-1 data-toggle=\"tooltip\" title=\"Mensaje\" id=\"info_blt_content\" class=\"helptip\">\n\t\t<span class=\"field-icons info\"><\/span><\/a><a href=\"#\" data-html=\"true\" tabindex=-1 data-toggle=\"tooltip\" title=\"Mensaje field is required\" id=\"req_blt_content\" class=\"helptip\">\n\t\t<span class=\"field-icons required\"><\/span>\n\t\t<span class=\"field-icons-required-text\">Obligatorio<\/span>\n\t\t<\/a>\n\t\t<\/span>\n\t\t<\/label><textarea name=\"blt_content\" id=\"blt_content\" rows=5 class=\"emd-form-control emd-sumnote\" placeholder=\"Mensaje\"><\/textarea><\/div><\/div><\/div><div class=\"emd-form-row emd-row\"><div class=\"emd-form-field emd-col emd-md-12 emd-sm-12 emd-xs-12\" data-field=\"emd_ticket_phone\"><div class=\"emd-form-group\"><label class=\"emd-control-label emd_ticket_phone\" for=\"emd_ticket_phone\"><span id=\"label_emd_ticket_phone\">Tel\u00e9fono<\/span><span class=\"emd-fieldicons-wrap\">\n\t\t<a data-html=\"true\" href=\"#\" tabindex=-1 data-toggle=\"tooltip\" title=\"Este campo es opcional. Ind\u00edquelo solo si quiere que contactemos con usted\" id=\"info_emd_ticket_phone\" class=\"helptip\">\n\t\t<span class=\"field-icons info\"><\/span><\/a><a href=\"#\" data-html=\"true\" tabindex=-1 data-toggle=\"tooltip\" title=\"Tel\u00e9fono field is required\" id=\"req_emd_ticket_phone\" class=\"helptip\" style=\"display:none;\">\n\t\t<span class=\"field-icons required\"><\/span>\n\t\t<span class=\"field-icons-required-text\">Obligatorio<\/span>\n\t\t<\/a>\n\t\t<\/span>\n\t\t<\/label><input type=\"text\" name=\"emd_ticket_phone\" id=\"emd_ticket_phone\" class=\"text emd-input-md emd-form-control\" placeholder=\"Tel\u00e9fono\"\/><\/div><\/div><\/div><div class=\"emd-form-row emd-row\"><div class=\"emd-form-field emd-col emd-md-12 emd-sm-12 emd-xs-12\" data-field=\"emd_ticket_attachment\"><div class=\"emd-form-group emd-file-group\"><label class=\"emd-control-label emd_ticket_attachment\" for=\"emd_ticket_attachment\"><span id=\"label_emd_ticket_attachment\">Adjuntos<\/span><span class=\"emd-fieldicons-wrap\">\n\t\t<a data-html=\"true\" href=\"#\" tabindex=-1 data-toggle=\"tooltip\" style=\"display:none;\" id=\"info_emd_ticket_attachment\" class=\"helptip\">\n\t\t<span class=\"field-icons info\"><\/span><\/a><a href=\"#\" data-html=\"true\" tabindex=-1 data-toggle=\"tooltip\" title=\"Adjuntos field is required\" id=\"req_emd_ticket_attachment\" class=\"helptip\" style=\"display:none;\">\n\t\t<span class=\"field-icons required\"><\/span>\n\t\t<span class=\"field-icons-required-text\">Obligatorio<\/span>\n\t\t<\/a>\n\t\t<\/span>\n\t\t<\/label><div class=\"emd-small emd-text-muted\"><div class=\"emd-max-file-size\">Tama\u00f1o m\u00e1ximo de archivos: 350000 KB<\/div><\/div><div class=\"emd-form-group\"><input type=\"file\" name=\"emd_ticket_attachment\" id=\"emd_ticket_attachment\" class=\"emd-file\"><\/div><\/div><\/div><\/div><div class='emd-form-row emd-row'><div class='emd-form-field emd-col emd-md-12 emd-sm-12 emd-xs-12'><input type='checkbox' name='politica-privacidad' class='required'><label for='politica-privacidad'>Estoy conforme con la <a href='\/politica-de-privacidad-del-canal-de-informacion' target='_blank'>pol\u00ed\u00adtica de privacidad<\/a><\/label><br><\/div><\/div><div class=\"emd-row emd-form-submit-row\"><button class='emd-form-submit emd-btn emd-btn-success emd-btn-large emd-btn-block' type='submit' value='submit' name='submit_submit_tickets'><i class='fa fa-fw fas fa-angle-double-right' aria-hidden='true'><\/i>Enviar denuncia<\/button><\/div><\/form><\/div><!--container-end-->\n\n\n\n<div style=\"height:47px\" aria-hidden=\"true\" class=\"wp-block-spacer\"><\/div>\n\n\n\n<div class=\"wp-block-group bordered\"><div class=\"wp-block-group__inner-container is-layout-constrained wp-block-group-is-layout-constrained\">\n<p class=\"has-text-align-center\"><strong>Informaci\u00f3n b\u00e1sica de protecci\u00f3n de datos<\/strong><\/p>\n\n\n\n<p>Los datos facilitados por el informante son tratados por&nbsp;SERVICIOS AEROTECNICOS INSULARES, S.L. en calidad de Responsable del tratamiento.<\/p>\n\n\n\n<p>El acceso a la informaci\u00f3n contenida en el canal de denuncias se realizar\u00e1 de acuerdo con lo establecido en el manual del canal interno de denuncias disponible en el canal de comunicaci\u00f3n habilitado para la compa\u00f1\u00eda.<\/p>\n\n\n\n<p>La legitimaci\u00f3n del tratamiento radica en la autorizaci\u00f3n del denunciante en iniciar el proceso y aportar cuales datos considere oportunos. (art. 6.1.a RGPD)<\/p>\n\n\n\n<p>El plazo de conservaci\u00f3n de los datos ser\u00e1 el estrictamente necesario para instruir y resolver el expediente que pueda emanar de la denuncia.<\/p>\n\n\n\n<p>No se prev\u00e9 cesi\u00f3n de datos a terceros.<\/p>\n\n\n\n<p>En caso de que nos haya facilitado alg\u00fan dato personal, existe la posibilidad de ejercitar sus derechos de acceso, rectificaci\u00f3n, supresi\u00f3n, oposici\u00f3n, portabilidad y limitaci\u00f3n enviado correo a&nbsp;<a href=\"mailto:lopd@satiaero.com\">lopd@satiaero.com<\/a><\/p>\n\n\n\n<p>Puede consultar m\u00e1s informaci\u00f3n relativa a la pol\u00edtica de privacidad en el siguiente <a href=\"https:\/\/satiaero.com\/index.php\/politica-de-privacidad\/\">enlace<\/a>.\u00a0<\/p>\n\n\n\n<p>Las personas que efect\u00faen una comunicaci\u00f3n a trav\u00e9s de este formulario procurar\u00e1n, en la medida de lo posible, que los datos personales proporcionados sean correctos, exactos, completos y actualizados.<\/p>\n\n\n\n<p>Con el fin de garantizar la confidencialidad, la persona a la que se refieran los hechos relatados en la comunicaci\u00f3n no ser\u00e1 en ning\u00fan caso informada de la identidad del informante de acuerdo a lo previsto en el procedimiento del canal de denuncia.<\/p>\n\n\n\n<p>La empresa garantiza la m\u00e1xima confidencialidad acerca de las denuncias que se reciban, con ese fin, el presente formulario se puede enviar en formato an\u00f3nimo en caso de que as\u00ed se considere.<\/p>\n<\/div><\/div>\n<\/div><\/div>\n","protected":false},"excerpt":{"rendered":"<p>Nueva denuncia Informaci\u00f3n b\u00e1sica de protecci\u00f3n de datos Los datos facilitados por el informante son tratados por&nbsp;SERVICIOS AEROTECNICOS INSULARES, S.L. en calidad de Responsable del tratamiento. El acceso a la informaci\u00f3n contenida en el canal de denuncias se realizar\u00e1 de acuerdo con lo establecido en el manual del canal interno de denuncias disponible en el&hellip;&nbsp;<a href=\"https:\/\/satiaero.com\/index.php\/nueva-denuncia\/\" class=\"\" rel=\"bookmark\">Leer m\u00e1s &raquo;<span class=\"screen-reader-text\">Nueva denuncia<\/span><\/a><\/p>\n","protected":false},"author":2,"featured_media":0,"parent":0,"menu_order":0,"comment_status":"closed","ping_status":"closed","template":"","meta":{"neve_meta_sidebar":"default","neve_meta_container":"","neve_meta_enable_content_width":"on","neve_meta_content_width":100,"neve_meta_title_alignment":"center","neve_meta_author_avatar":"","neve_post_elements_order":"","neve_meta_disable_header":"","neve_meta_disable_footer":"","neve_meta_disable_title":"on","footnotes":""},"class_list":["post-441","page","type-page","status-publish","hentry"],"yoast_head":"<!-- This site is optimized with the Yoast SEO plugin v26.4 - https:\/\/yoast.com\/wordpress\/plugins\/seo\/ -->\n<title>Nueva denuncia &#8211; Servicios Aerot\u00e9cnicos Insulares: Formulario de contacto<\/title>\n<meta name=\"description\" content=\"Estamos en Gran Canaria y Tenerife. Contacta con nosotros enviando el formulario, o mediante email, tel\u00e9fono o fax.\" \/>\n<meta name=\"robots\" content=\"index, follow, max-snippet:-1, max-image-preview:large, max-video-preview:-1\" \/>\n<link rel=\"canonical\" href=\"https:\/\/satiaero.com\/index.php\/nueva-denuncia\/\" \/>\n<meta property=\"og:locale\" content=\"es_ES\" \/>\n<meta property=\"og:type\" content=\"article\" \/>\n<meta property=\"og:title\" content=\"Nueva denuncia &#8211; Servicios Aerot\u00e9cnicos Insulares: Formulario de contacto\" \/>\n<meta property=\"og:description\" content=\"Estamos en Gran Canaria y Tenerife. Contacta con nosotros enviando el formulario, o mediante email, tel\u00e9fono o fax.\" \/>\n<meta property=\"og:url\" content=\"https:\/\/satiaero.com\/index.php\/nueva-denuncia\/\" \/>\n<meta property=\"og:site_name\" content=\"Servicios Aerot\u00e9cnicos Insulares\" \/>\n<meta property=\"article:modified_time\" content=\"2025-08-08T06:32:56+00:00\" \/>\n<meta name=\"twitter:card\" content=\"summary_large_image\" \/>\n<meta name=\"twitter:label1\" content=\"Tiempo de lectura\" \/>\n\t<meta name=\"twitter:data1\" content=\"2 minutos\" \/>\n<script type=\"application\/ld+json\" class=\"yoast-schema-graph\">{\"@context\":\"https:\/\/schema.org\",\"@graph\":[{\"@type\":\"WebPage\",\"@id\":\"https:\/\/satiaero.com\/index.php\/nueva-denuncia\/\",\"url\":\"https:\/\/satiaero.com\/index.php\/nueva-denuncia\/\",\"name\":\"Nueva denuncia &#8211; Servicios Aerot\u00e9cnicos Insulares: Formulario de contacto\",\"isPartOf\":{\"@id\":\"https:\/\/satiaero.com\/#website\"},\"datePublished\":\"2023-11-29T00:18:58+00:00\",\"dateModified\":\"2025-08-08T06:32:56+00:00\",\"description\":\"Estamos en Gran Canaria y Tenerife. Contacta con nosotros enviando el formulario, o mediante email, tel\u00e9fono o fax.\",\"breadcrumb\":{\"@id\":\"https:\/\/satiaero.com\/index.php\/nueva-denuncia\/#breadcrumb\"},\"inLanguage\":\"es\",\"potentialAction\":[{\"@type\":\"ReadAction\",\"target\":[\"https:\/\/satiaero.com\/index.php\/nueva-denuncia\/\"]}]},{\"@type\":\"BreadcrumbList\",\"@id\":\"https:\/\/satiaero.com\/index.php\/nueva-denuncia\/#breadcrumb\",\"itemListElement\":[{\"@type\":\"ListItem\",\"position\":1,\"name\":\"Portada\",\"item\":\"https:\/\/satiaero.com\/\"},{\"@type\":\"ListItem\",\"position\":2,\"name\":\"Nueva denuncia\"}]},{\"@type\":\"WebSite\",\"@id\":\"https:\/\/satiaero.com\/#website\",\"url\":\"https:\/\/satiaero.com\/\",\"name\":\"Servicios Aerot\u00e9cnicos Insulares\",\"description\":\"\",\"publisher\":{\"@id\":\"https:\/\/satiaero.com\/#organization\"},\"potentialAction\":[{\"@type\":\"SearchAction\",\"target\":{\"@type\":\"EntryPoint\",\"urlTemplate\":\"https:\/\/satiaero.com\/?s={search_term_string}\"},\"query-input\":{\"@type\":\"PropertyValueSpecification\",\"valueRequired\":true,\"valueName\":\"search_term_string\"}}],\"inLanguage\":\"es\"},{\"@type\":\"Organization\",\"@id\":\"https:\/\/satiaero.com\/#organization\",\"name\":\"Servicios Aerot\u00e9cnicos Insulares\",\"url\":\"https:\/\/satiaero.com\/\",\"logo\":{\"@type\":\"ImageObject\",\"inLanguage\":\"es\",\"@id\":\"https:\/\/satiaero.com\/#\/schema\/logo\/image\/\",\"url\":\"https:\/\/satiaero.com\/wp-content\/uploads\/2021\/03\/Logo.jpg\",\"contentUrl\":\"https:\/\/satiaero.com\/wp-content\/uploads\/2021\/03\/Logo.jpg\",\"width\":613,\"height\":212,\"caption\":\"Servicios Aerot\u00e9cnicos Insulares\"},\"image\":{\"@id\":\"https:\/\/satiaero.com\/#\/schema\/logo\/image\/\"}}]}<\/script>\n<!-- \/ Yoast SEO plugin. -->","yoast_head_json":{"title":"Nueva denuncia &#8211; Servicios Aerot\u00e9cnicos Insulares: Formulario de contacto","description":"Estamos en Gran Canaria y Tenerife. Contacta con nosotros enviando el formulario, o mediante email, tel\u00e9fono o fax.","robots":{"index":"index","follow":"follow","max-snippet":"max-snippet:-1","max-image-preview":"max-image-preview:large","max-video-preview":"max-video-preview:-1"},"canonical":"https:\/\/satiaero.com\/index.php\/nueva-denuncia\/","og_locale":"es_ES","og_type":"article","og_title":"Nueva denuncia &#8211; Servicios Aerot\u00e9cnicos Insulares: Formulario de contacto","og_description":"Estamos en Gran Canaria y Tenerife. Contacta con nosotros enviando el formulario, o mediante email, tel\u00e9fono o fax.","og_url":"https:\/\/satiaero.com\/index.php\/nueva-denuncia\/","og_site_name":"Servicios Aerot\u00e9cnicos Insulares","article_modified_time":"2025-08-08T06:32:56+00:00","twitter_card":"summary_large_image","twitter_misc":{"Tiempo de lectura":"2 minutos"},"schema":{"@context":"https:\/\/schema.org","@graph":[{"@type":"WebPage","@id":"https:\/\/satiaero.com\/index.php\/nueva-denuncia\/","url":"https:\/\/satiaero.com\/index.php\/nueva-denuncia\/","name":"Nueva denuncia &#8211; Servicios Aerot\u00e9cnicos Insulares: Formulario de contacto","isPartOf":{"@id":"https:\/\/satiaero.com\/#website"},"datePublished":"2023-11-29T00:18:58+00:00","dateModified":"2025-08-08T06:32:56+00:00","description":"Estamos en Gran Canaria y Tenerife. Contacta con nosotros enviando el formulario, o mediante email, tel\u00e9fono o fax.","breadcrumb":{"@id":"https:\/\/satiaero.com\/index.php\/nueva-denuncia\/#breadcrumb"},"inLanguage":"es","potentialAction":[{"@type":"ReadAction","target":["https:\/\/satiaero.com\/index.php\/nueva-denuncia\/"]}]},{"@type":"BreadcrumbList","@id":"https:\/\/satiaero.com\/index.php\/nueva-denuncia\/#breadcrumb","itemListElement":[{"@type":"ListItem","position":1,"name":"Portada","item":"https:\/\/satiaero.com\/"},{"@type":"ListItem","position":2,"name":"Nueva denuncia"}]},{"@type":"WebSite","@id":"https:\/\/satiaero.com\/#website","url":"https:\/\/satiaero.com\/","name":"Servicios Aerot\u00e9cnicos Insulares","description":"","publisher":{"@id":"https:\/\/satiaero.com\/#organization"},"potentialAction":[{"@type":"SearchAction","target":{"@type":"EntryPoint","urlTemplate":"https:\/\/satiaero.com\/?s={search_term_string}"},"query-input":{"@type":"PropertyValueSpecification","valueRequired":true,"valueName":"search_term_string"}}],"inLanguage":"es"},{"@type":"Organization","@id":"https:\/\/satiaero.com\/#organization","name":"Servicios Aerot\u00e9cnicos Insulares","url":"https:\/\/satiaero.com\/","logo":{"@type":"ImageObject","inLanguage":"es","@id":"https:\/\/satiaero.com\/#\/schema\/logo\/image\/","url":"https:\/\/satiaero.com\/wp-content\/uploads\/2021\/03\/Logo.jpg","contentUrl":"https:\/\/satiaero.com\/wp-content\/uploads\/2021\/03\/Logo.jpg","width":613,"height":212,"caption":"Servicios Aerot\u00e9cnicos Insulares"},"image":{"@id":"https:\/\/satiaero.com\/#\/schema\/logo\/image\/"}}]}},"_links":{"self":[{"href":"https:\/\/satiaero.com\/index.php\/wp-json\/wp\/v2\/pages\/441","targetHints":{"allow":["GET"]}}],"collection":[{"href":"https:\/\/satiaero.com\/index.php\/wp-json\/wp\/v2\/pages"}],"about":[{"href":"https:\/\/satiaero.com\/index.php\/wp-json\/wp\/v2\/types\/page"}],"author":[{"embeddable":true,"href":"https:\/\/satiaero.com\/index.php\/wp-json\/wp\/v2\/users\/2"}],"replies":[{"embeddable":true,"href":"https:\/\/satiaero.com\/index.php\/wp-json\/wp\/v2\/comments?post=441"}],"version-history":[{"count":3,"href":"https:\/\/satiaero.com\/index.php\/wp-json\/wp\/v2\/pages\/441\/revisions"}],"predecessor-version":[{"id":527,"href":"https:\/\/satiaero.com\/index.php\/wp-json\/wp\/v2\/pages\/441\/revisions\/527"}],"wp:attachment":[{"href":"https:\/\/satiaero.com\/index.php\/wp-json\/wp\/v2\/media?parent=441"}],"curies":[{"name":"wp","href":"https:\/\/api.w.org\/{rel}","templated":true}]}}