{"id":45,"date":"2021-03-29T11:40:01","date_gmt":"2021-03-29T11:40:01","guid":{"rendered":"https:\/\/satiaero.com\/?page_id=45"},"modified":"2021-10-26T11:18:09","modified_gmt":"2021-10-26T11:18:09","slug":"sobre-nosotros","status":"publish","type":"page","link":"https:\/\/satiaero.com\/index.php\/sobre-nosotros\/","title":{"rendered":"Sobre nosotros"},"content":{"rendered":"\n<h2 class=\"alignfull has-text-align-center underline has-neve-link-color-color has-text-color wp-block-heading\">Sobre nosotros<\/h2>\n\n\n\n<div class=\"wp-block-cover alignfull has-custom-content-position is-position-bottom-left\" style=\"min-height:600px;aspect-ratio:unset;\"><img loading=\"lazy\" decoding=\"async\" width=\"1920\" height=\"1276\" class=\"wp-block-cover__image-background wp-image-32\" alt=\"\" src=\"https:\/\/satiaero.com\/wp-content\/uploads\/2021\/03\/IMG_2800.jpg\" style=\"object-position:50% 50%\" data-object-fit=\"cover\" data-object-position=\"50% 50%\" srcset=\"https:\/\/satiaero.com\/wp-content\/uploads\/2021\/03\/IMG_2800.jpg 1920w, https:\/\/satiaero.com\/wp-content\/uploads\/2021\/03\/IMG_2800-300x199.jpg 300w, https:\/\/satiaero.com\/wp-content\/uploads\/2021\/03\/IMG_2800-1024x681.jpg 1024w, https:\/\/satiaero.com\/wp-content\/uploads\/2021\/03\/IMG_2800-768x510.jpg 768w, https:\/\/satiaero.com\/wp-content\/uploads\/2021\/03\/IMG_2800-1536x1021.jpg 1536w\" sizes=\"auto, (max-width: 1920px) 100vw, 1920px\" \/><div class=\"wp-block-cover__inner-container is-layout-flow wp-block-cover-is-layout-flow\">\n<p class=\"has-text-align-left texto-fotos has-medium-font-size\">Somos una empresa viva, \u00e1gil y flexible. Desde 2009 nos hemos amoldado a un mercado cambiante, adapt\u00e1ndonos a las necesidades espec\u00edficas con una respuesta profesional<\/p>\n<\/div><\/div>\n\n\n\n<div style=\"height:50px\" aria-hidden=\"true\" class=\"wp-block-spacer\"><\/div>\n\n\n\n<div class=\"wp-block-cover alignfull has-custom-content-position is-position-bottom-left\" style=\"min-height:600px;aspect-ratio:unset;\"><img loading=\"lazy\" decoding=\"async\" width=\"1920\" height=\"1278\" class=\"wp-block-cover__image-background wp-image-29\" alt=\"\" src=\"https:\/\/satiaero.com\/wp-content\/uploads\/2021\/03\/Sobre-Nosotros-1.jpg\" style=\"object-position:50% 50%\" data-object-fit=\"cover\" data-object-position=\"50% 50%\" srcset=\"https:\/\/satiaero.com\/wp-content\/uploads\/2021\/03\/Sobre-Nosotros-1.jpg 1920w, https:\/\/satiaero.com\/wp-content\/uploads\/2021\/03\/Sobre-Nosotros-1-300x200.jpg 300w, https:\/\/satiaero.com\/wp-content\/uploads\/2021\/03\/Sobre-Nosotros-1-1024x682.jpg 1024w, https:\/\/satiaero.com\/wp-content\/uploads\/2021\/03\/Sobre-Nosotros-1-768x511.jpg 768w, https:\/\/satiaero.com\/wp-content\/uploads\/2021\/03\/Sobre-Nosotros-1-1536x1022.jpg 1536w, https:\/\/satiaero.com\/wp-content\/uploads\/2021\/03\/Sobre-Nosotros-1-930x620.jpg 930w\" sizes=\"auto, (max-width: 1920px) 100vw, 1920px\" \/><div class=\"wp-block-cover__inner-container is-layout-flow wp-block-cover-is-layout-flow\">\n<p class=\"has-text-align-left texto-fotos has-medium-font-size\">Nuestro equipo cuenta con una gran formaci\u00f3n, visi\u00f3n de futuro y amplias expectativas de progreso<\/p>\n<\/div><\/div>\n\n\n\n<div style=\"height:50px\" aria-hidden=\"true\" class=\"wp-block-spacer\"><\/div>\n\n\n\n<div class=\"wp-block-cover alignfull has-custom-content-position is-position-bottom-left\" style=\"min-height:600px;aspect-ratio:unset;\"><img loading=\"lazy\" decoding=\"async\" width=\"1920\" height=\"1278\" class=\"wp-block-cover__image-background wp-image-31\" alt=\"\" src=\"https:\/\/satiaero.com\/wp-content\/uploads\/2021\/03\/Sobre-Nosotros-3.jpg\" style=\"object-position:50% 50%\" data-object-fit=\"cover\" data-object-position=\"50% 50%\" srcset=\"https:\/\/satiaero.com\/wp-content\/uploads\/2021\/03\/Sobre-Nosotros-3.jpg 1920w, https:\/\/satiaero.com\/wp-content\/uploads\/2021\/03\/Sobre-Nosotros-3-300x200.jpg 300w, https:\/\/satiaero.com\/wp-content\/uploads\/2021\/03\/Sobre-Nosotros-3-1024x682.jpg 1024w, https:\/\/satiaero.com\/wp-content\/uploads\/2021\/03\/Sobre-Nosotros-3-768x511.jpg 768w, https:\/\/satiaero.com\/wp-content\/uploads\/2021\/03\/Sobre-Nosotros-3-1536x1022.jpg 1536w, https:\/\/satiaero.com\/wp-content\/uploads\/2021\/03\/Sobre-Nosotros-3-930x620.jpg 930w\" sizes=\"auto, (max-width: 1920px) 100vw, 1920px\" \/><div class=\"wp-block-cover__inner-container is-layout-flow wp-block-cover-is-layout-flow\">\n<p class=\"has-text-align-left texto-fotos has-medium-font-size\">Comprometidos con el cliente<\/p>\n<\/div><\/div>\n\n\n\n<div style=\"height:50px\" aria-hidden=\"true\" class=\"wp-block-spacer\"><\/div>\n\n\n\n<figure class=\"wp-block-pullquote alignwide is-style-default\"><blockquote><p>En caso de necesitar m\u00e1s informaci\u00f3n puedes consultar nuestra <a href=\"https:\/\/satiaero.com\/wp-content\/uploads\/2021\/03\/Aprobacion.pdf\">aprobaci\u00f3n<\/a>, nuestra<a href=\"https:\/\/satiaero.com\/wp-content\/uploads\/2021\/03\/Capacidades.pdf\"> lista de capacidades<\/a> o ponerte en <a href=\"https:\/\/satiaero.com\/index.php\/contacto\/\" data-type=\"page\" data-id=\"41\">contacto con nosotros<\/a><\/p><\/blockquote><\/figure>\n\n\n\n<div style=\"height:50px\" aria-hidden=\"true\" class=\"wp-block-spacer\"><\/div>\n","protected":false},"excerpt":{"rendered":"<p>Sobre nosotros En caso de necesitar m\u00e1s informaci\u00f3n puedes consultar nuestra aprobaci\u00f3n, nuestra lista de capacidades o ponerte en contacto con nosotros<\/p>\n","protected":false},"author":2,"featured_media":0,"parent":0,"menu_order":0,"comment_status":"closed","ping_status":"closed","template":"","meta":{"neve_meta_sidebar":"default","neve_meta_container":"","neve_meta_enable_content_width":"on","neve_meta_content_width":100,"neve_meta_title_alignment":"center","neve_meta_author_avatar":"","neve_post_elements_order":"","neve_meta_disable_header":"","neve_meta_disable_footer":"","neve_meta_disable_title":"on","footnotes":""},"class_list":["post-45","page","type-page","status-publish","hentry"],"yoast_head":"<!-- This site is optimized with the Yoast SEO plugin v26.4 - https:\/\/yoast.com\/wordpress\/plugins\/seo\/ -->\n<title>Sobre nosotros &#8211; Servicios Aerot\u00e9cnicos Insulares<\/title>\n<meta name=\"description\" content=\"Nos hemos adaptado a un mercado cambiante, adapt\u00e1ndonos a las necesidades espec\u00edficas con una respuesta profesional.\" \/>\n<meta name=\"robots\" content=\"index, follow, max-snippet:-1, max-image-preview:large, max-video-preview:-1\" \/>\n<link rel=\"canonical\" href=\"https:\/\/satiaero.com\/index.php\/sobre-nosotros\/\" \/>\n<meta property=\"og:locale\" content=\"es_ES\" \/>\n<meta property=\"og:type\" content=\"article\" \/>\n<meta property=\"og:title\" content=\"Sobre nosotros &#8211; Servicios Aerot\u00e9cnicos Insulares\" \/>\n<meta property=\"og:description\" content=\"Nos hemos adaptado a un mercado cambiante, adapt\u00e1ndonos a las necesidades espec\u00edficas con una respuesta profesional.\" \/>\n<meta property=\"og:url\" content=\"https:\/\/satiaero.com\/index.php\/sobre-nosotros\/\" \/>\n<meta property=\"og:site_name\" content=\"Servicios Aerot\u00e9cnicos Insulares\" \/>\n<meta property=\"article:modified_time\" content=\"2021-10-26T11:18:09+00:00\" \/>\n<meta property=\"og:image\" content=\"https:\/\/satiaero.com\/wp-content\/uploads\/2021\/03\/IMG_2800.jpg\" \/>\n<meta name=\"twitter:card\" content=\"summary_large_image\" \/>\n<meta name=\"twitter:label1\" content=\"Tiempo de lectura\" \/>\n\t<meta name=\"twitter:data1\" content=\"1 minuto\" \/>\n<script type=\"application\/ld+json\" class=\"yoast-schema-graph\">{\"@context\":\"https:\/\/schema.org\",\"@graph\":[{\"@type\":\"WebPage\",\"@id\":\"https:\/\/satiaero.com\/index.php\/sobre-nosotros\/\",\"url\":\"https:\/\/satiaero.com\/index.php\/sobre-nosotros\/\",\"name\":\"Sobre nosotros &#8211; Servicios Aerot\u00e9cnicos Insulares\",\"isPartOf\":{\"@id\":\"https:\/\/satiaero.com\/#website\"},\"primaryImageOfPage\":{\"@id\":\"https:\/\/satiaero.com\/index.php\/sobre-nosotros\/#primaryimage\"},\"image\":{\"@id\":\"https:\/\/satiaero.com\/index.php\/sobre-nosotros\/#primaryimage\"},\"thumbnailUrl\":\"https:\/\/satiaero.com\/wp-content\/uploads\/2021\/03\/IMG_2800.jpg\",\"datePublished\":\"2021-03-29T11:40:01+00:00\",\"dateModified\":\"2021-10-26T11:18:09+00:00\",\"description\":\"Nos hemos adaptado a un mercado cambiante, adapt\u00e1ndonos a las necesidades espec\u00edficas con una respuesta profesional.\",\"breadcrumb\":{\"@id\":\"https:\/\/satiaero.com\/index.php\/sobre-nosotros\/#breadcrumb\"},\"inLanguage\":\"es\",\"potentialAction\":[{\"@type\":\"ReadAction\",\"target\":[\"https:\/\/satiaero.com\/index.php\/sobre-nosotros\/\"]}]},{\"@type\":\"ImageObject\",\"inLanguage\":\"es\",\"@id\":\"https:\/\/satiaero.com\/index.php\/sobre-nosotros\/#primaryimage\",\"url\":\"https:\/\/satiaero.com\/wp-content\/uploads\/2021\/03\/IMG_2800.jpg\",\"contentUrl\":\"https:\/\/satiaero.com\/wp-content\/uploads\/2021\/03\/IMG_2800.jpg\",\"width\":1920,\"height\":1276},{\"@type\":\"BreadcrumbList\",\"@id\":\"https:\/\/satiaero.com\/index.php\/sobre-nosotros\/#breadcrumb\",\"itemListElement\":[{\"@type\":\"ListItem\",\"position\":1,\"name\":\"Portada\",\"item\":\"https:\/\/satiaero.com\/\"},{\"@type\":\"ListItem\",\"position\":2,\"name\":\"Sobre nosotros\"}]},{\"@type\":\"WebSite\",\"@id\":\"https:\/\/satiaero.com\/#website\",\"url\":\"https:\/\/satiaero.com\/\",\"name\":\"Servicios Aerot\u00e9cnicos Insulares\",\"description\":\"\",\"publisher\":{\"@id\":\"https:\/\/satiaero.com\/#organization\"},\"potentialAction\":[{\"@type\":\"SearchAction\",\"target\":{\"@type\":\"EntryPoint\",\"urlTemplate\":\"https:\/\/satiaero.com\/?s={search_term_string}\"},\"query-input\":{\"@type\":\"PropertyValueSpecification\",\"valueRequired\":true,\"valueName\":\"search_term_string\"}}],\"inLanguage\":\"es\"},{\"@type\":\"Organization\",\"@id\":\"https:\/\/satiaero.com\/#organization\",\"name\":\"Servicios Aerot\u00e9cnicos Insulares\",\"url\":\"https:\/\/satiaero.com\/\",\"logo\":{\"@type\":\"ImageObject\",\"inLanguage\":\"es\",\"@id\":\"https:\/\/satiaero.com\/#\/schema\/logo\/image\/\",\"url\":\"https:\/\/satiaero.com\/wp-content\/uploads\/2021\/03\/Logo.jpg\",\"contentUrl\":\"https:\/\/satiaero.com\/wp-content\/uploads\/2021\/03\/Logo.jpg\",\"width\":613,\"height\":212,\"caption\":\"Servicios Aerot\u00e9cnicos Insulares\"},\"image\":{\"@id\":\"https:\/\/satiaero.com\/#\/schema\/logo\/image\/\"}}]}<\/script>\n<!-- \/ Yoast SEO plugin. -->","yoast_head_json":{"title":"Sobre nosotros &#8211; Servicios Aerot\u00e9cnicos Insulares","description":"Nos hemos adaptado a un mercado cambiante, adapt\u00e1ndonos a las necesidades espec\u00edficas con una respuesta profesional.","robots":{"index":"index","follow":"follow","max-snippet":"max-snippet:-1","max-image-preview":"max-image-preview:large","max-video-preview":"max-video-preview:-1"},"canonical":"https:\/\/satiaero.com\/index.php\/sobre-nosotros\/","og_locale":"es_ES","og_type":"article","og_title":"Sobre nosotros &#8211; Servicios Aerot\u00e9cnicos Insulares","og_description":"Nos hemos adaptado a un mercado cambiante, adapt\u00e1ndonos a las necesidades espec\u00edficas con una respuesta profesional.","og_url":"https:\/\/satiaero.com\/index.php\/sobre-nosotros\/","og_site_name":"Servicios Aerot\u00e9cnicos Insulares","article_modified_time":"2021-10-26T11:18:09+00:00","og_image":[{"url":"https:\/\/satiaero.com\/wp-content\/uploads\/2021\/03\/IMG_2800.jpg","type":"","width":"","height":""}],"twitter_card":"summary_large_image","twitter_misc":{"Tiempo de lectura":"1 minuto"},"schema":{"@context":"https:\/\/schema.org","@graph":[{"@type":"WebPage","@id":"https:\/\/satiaero.com\/index.php\/sobre-nosotros\/","url":"https:\/\/satiaero.com\/index.php\/sobre-nosotros\/","name":"Sobre nosotros &#8211; Servicios Aerot\u00e9cnicos Insulares","isPartOf":{"@id":"https:\/\/satiaero.com\/#website"},"primaryImageOfPage":{"@id":"https:\/\/satiaero.com\/index.php\/sobre-nosotros\/#primaryimage"},"image":{"@id":"https:\/\/satiaero.com\/index.php\/sobre-nosotros\/#primaryimage"},"thumbnailUrl":"https:\/\/satiaero.com\/wp-content\/uploads\/2021\/03\/IMG_2800.jpg","datePublished":"2021-03-29T11:40:01+00:00","dateModified":"2021-10-26T11:18:09+00:00","description":"Nos hemos adaptado a un mercado cambiante, adapt\u00e1ndonos a las necesidades espec\u00edficas con una respuesta profesional.","breadcrumb":{"@id":"https:\/\/satiaero.com\/index.php\/sobre-nosotros\/#breadcrumb"},"inLanguage":"es","potentialAction":[{"@type":"ReadAction","target":["https:\/\/satiaero.com\/index.php\/sobre-nosotros\/"]}]},{"@type":"ImageObject","inLanguage":"es","@id":"https:\/\/satiaero.com\/index.php\/sobre-nosotros\/#primaryimage","url":"https:\/\/satiaero.com\/wp-content\/uploads\/2021\/03\/IMG_2800.jpg","contentUrl":"https:\/\/satiaero.com\/wp-content\/uploads\/2021\/03\/IMG_2800.jpg","width":1920,"height":1276},{"@type":"BreadcrumbList","@id":"https:\/\/satiaero.com\/index.php\/sobre-nosotros\/#breadcrumb","itemListElement":[{"@type":"ListItem","position":1,"name":"Portada","item":"https:\/\/satiaero.com\/"},{"@type":"ListItem","position":2,"name":"Sobre nosotros"}]},{"@type":"WebSite","@id":"https:\/\/satiaero.com\/#website","url":"https:\/\/satiaero.com\/","name":"Servicios Aerot\u00e9cnicos Insulares","description":"","publisher":{"@id":"https:\/\/satiaero.com\/#organization"},"potentialAction":[{"@type":"SearchAction","target":{"@type":"EntryPoint","urlTemplate":"https:\/\/satiaero.com\/?s={search_term_string}"},"query-input":{"@type":"PropertyValueSpecification","valueRequired":true,"valueName":"search_term_string"}}],"inLanguage":"es"},{"@type":"Organization","@id":"https:\/\/satiaero.com\/#organization","name":"Servicios Aerot\u00e9cnicos Insulares","url":"https:\/\/satiaero.com\/","logo":{"@type":"ImageObject","inLanguage":"es","@id":"https:\/\/satiaero.com\/#\/schema\/logo\/image\/","url":"https:\/\/satiaero.com\/wp-content\/uploads\/2021\/03\/Logo.jpg","contentUrl":"https:\/\/satiaero.com\/wp-content\/uploads\/2021\/03\/Logo.jpg","width":613,"height":212,"caption":"Servicios Aerot\u00e9cnicos Insulares"},"image":{"@id":"https:\/\/satiaero.com\/#\/schema\/logo\/image\/"}}]}},"_links":{"self":[{"href":"https:\/\/satiaero.com\/index.php\/wp-json\/wp\/v2\/pages\/45","targetHints":{"allow":["GET"]}}],"collection":[{"href":"https:\/\/satiaero.com\/index.php\/wp-json\/wp\/v2\/pages"}],"about":[{"href":"https:\/\/satiaero.com\/index.php\/wp-json\/wp\/v2\/types\/page"}],"author":[{"embeddable":true,"href":"https:\/\/satiaero.com\/index.php\/wp-json\/wp\/v2\/users\/2"}],"replies":[{"embeddable":true,"href":"https:\/\/satiaero.com\/index.php\/wp-json\/wp\/v2\/comments?post=45"}],"version-history":[{"count":6,"href":"https:\/\/satiaero.com\/index.php\/wp-json\/wp\/v2\/pages\/45\/revisions"}],"predecessor-version":[{"id":407,"href":"https:\/\/satiaero.com\/index.php\/wp-json\/wp\/v2\/pages\/45\/revisions\/407"}],"wp:attachment":[{"href":"https:\/\/satiaero.com\/index.php\/wp-json\/wp\/v2\/media?parent=45"}],"curies":[{"name":"wp","href":"https:\/\/api.w.org\/{rel}","templated":true}]}}